{"id":20,"date":"2011-01-21T09:48:33","date_gmt":"2011-01-21T07:48:33","guid":{"rendered":"http:\/\/www.carpmirror.de\/?page_id=20"},"modified":"2018-07-02T13:07:46","modified_gmt":"2018-07-02T11:07:46","slug":"aktuelle-ausgabe","status":"publish","type":"page","link":"https:\/\/www.carpmirror.de\/?page_id=20","title":{"rendered":"AUTOR WERDEN"},"content":{"rendered":"<div class=\"text cf\" style=\"text-align: center;\">\n<div class=\"text-content\">\n<h2 style=\"text-align: left;\">Autor werden &#8211; Was beachten?<\/h2>\n<p style=\"text-align: left;\">Du m\u00f6chtest Autor werden, daher m\u00f6chten wir dich darauf aufmerksam machen das dein an uns \u00fcbermitteltes Text- und Bildmaterial exklusiv sein muss. Das bedeutet das auf keinem anderen Medium (dazu z\u00e4hlen alle Printmedien wie Zeitschriften, Magazine und Co., sowie Digitalemedien wie Facebook, Instagram, private oder andere gewerbliche Webseiten und Co.) irgendwelche Daten von diesem Artikel ver\u00f6ffentlicht werden.<\/p>\n<p style=\"text-align: left;\">Mit der \u00dcbermittlung der Text- und Bildmaterialien \u00fcbertr\u00e4gst Du dem Claris Verlag das Recht der urheberrechtlichen Nutzung.<\/p>\n<p style=\"text-align: left;\"><a href=\"https:\/\/www.carpmirror.de\/wp-content\/uploads\/2016\/06\/Autor-so-geht-es-1.jpg\"><img loading=\"lazy\" decoding=\"async\" class=\"alignleft size-medium wp-image-4678\" src=\"https:\/\/www.carpmirror.de\/wp-content\/uploads\/2016\/06\/Autor-so-geht-es-1.jpg\" width=\"280\" height=\"450\" \/><\/a><\/p>\n<\/div>\n<\/div>\n<h1 style=\"text-align: left;\">Wir helfen<\/h1>\n<p style=\"text-align: left;\">Du hast grandiose Fotos (!?) aber dir liegt das schreiben von Texten nicht? Dann nutze unseren Service. Wir helfen dir deinen Text auf das Niveau deiner Fotos zu bringen.Was du tun musst: Schreibe in ausf\u00fchlichen Stichpunkten oder verfasse einen Dummy-Text und schicke ihn uns mit deinen Fotos zu. Kennzeichne deine Daten merkbar mit &#8222;Bitte um hilfe&#8220;. Nach sorgf\u00e4ltiger Pr\u00fcfung deiner Daten erh\u00e4lst du schnellst m\u00f6glich R\u00fcckmeldung. Vergesse bitte nicht uns deine Kontaktdaten mitzusenden (best m\u00f6glich mit E-Mail-Adresse und Telefonnummer).<\/p>\n<div class=\"text cf\" style=\"text-align: left;\">\n<div class=\"text-content\">\n<p style=\"text-align: left;\">Du hast tolle Fotos von einem unvergesslichen Trip? Dann verfasse doch einen Bericht dar\u00fcber!<\/p>\n<p style=\"text-align: left;\">Du kannst gut schreiben? Dann leg los und verfasse deinen Text f\u00fcr den CarpMirror. Was du beachten solltest und was wichtig zu wissen ist wird die nachfolgend erkl\u00e4rt.<\/p>\n<p style=\"text-align: left;\"><em>Diese Darstellung soll euch einen Einblick geben wie ein fertiger Bericht aussehen kann. Info-Boxen oder Anleitungen von Rig oder Futtermischung sind nicht zwingend, verleihen euerm Bericht aber das gewisse Etwas.<\/em><\/p>\n<\/div>\n<\/div>\n<div class=\"text cf\">\n<div class=\"text-content\">\n<h1 style=\"text-align: left;\">Einen Artikel verfassen<\/h1>\n<p style=\"text-align: left;\"><b>Themen<\/b> Erlebnisse, Events, Produkttests, besondere Gew\u00e4sser, &#8230;<\/p>\n<p style=\"text-align: left;\"><b>Text<\/b> Dieser sollte <i>8.000 &#8211; 12.000 Zeichen<\/i> enthalten und als Worddokument angelegt sein. Wichtig f\u00fcr einen runden Artikel ist es ein paar Zeilen zur <i>Einleitung<\/i> zu verfassen (in zwei bis drei S\u00e4tzen erz\u00e4hlen um was es im Bericht geht), dann k\u00f6nnt ihr in den <i>Hauptteil<\/i> einsteigen und euch austoben. Schreibt ausf\u00fchrlich und so das jemand der nicht dabei war versteht von was ihr sprecht. Vermeidet verschachtelte <a href=\"https:\/\/www.carpmirror.de\/wp-content\/uploads\/2016\/06\/Rig-step-by-step-1.jpg\"><img loading=\"lazy\" decoding=\"async\" class=\"alignleft size-medium wp-image-4678\" src=\"https:\/\/www.carpmirror.de\/wp-content\/uploads\/2016\/06\/Rig-step-by-step-1.jpg\" width=\"280\" height=\"450\" \/><\/a>S\u00e4tze und immer wieder vorkommende Satzanf\u00e4nge, so d\u00fcrfte eurem Bericht sicherlich nichts im Wege stehen. Anschlie\u00dfend verfasst noch ein <i>Ende<\/i> &#8211; sprich mit ein paar Zeilen ein kurzes Fazit.<\/p>\n<p style=\"text-align: left;\"><i>Das gewisse Extra<\/i> erh\u00e4lt euer Text wenn ihr Infoboxen einbaut. Gerade bei Erlebnisberichten ist eine kurze Info zum Beispiel von Gew\u00e4sser, Futtermischung und\/oder Rigkomponenten mit Bild sehr interessant.<\/p>\n<p style=\"text-align: left;\">Und zu guter letzt solltet ihr euch \u00fcber eine passende <i>\u00dcberschrift<\/i> Gedanken machen.<\/p>\n<p style=\"text-align: left;\"><b>Bild<\/b> F\u00fcr einen Bericht der oben genannten L\u00e4nge brauchen wir mindestens <i>15-25 unterschiedliche Fotos<\/i>, mehr sind natr\u00fcrlich immer willkommen. Die Fotos sollten unterschiedliche Motive haben. Also bitte nicht 20mal das selbe Foto von dem selben Motiv schicken. Die Qualit\u00e4t der Fotos muss <i>hochaufl\u00f6send<\/i> sein (mind. 1MB), die Bilddatei sollte unberarbeitet sein, das Motiv muss scharf sein. Unschafte oder \u00fcberbelichtete Fotos, sowie welche mit massiven Farbstich sind bitte auszusortieren.<\/p>\n<p style=\"text-align: left;\">Die Fotos sollen den Text unterst\u00fctzen. Es soll sozusagen bildhaft der Text wiedergegeben werden. Es kann vorkommen das man beim Text schreiben merkt dass das ein oder andere Foto fehlt, in dem Fall ist es ratsam nochmal loszugehen um geziehlt daf\u00fcr Fotos zu machen. Zeigt dabei auch Fotos die m\u00f6glichst nicht schon zu tausendst auf Facebook, Instagram und Co. dargestellt wurden. Nehmt euch neue Perspektiven vor und andere Blickwinkel. Zeigt was neues &#8211; seid kreativ!<\/p>\n<p style=\"text-align: left;\">Zu guter letzt sollten alle Fotos chronologisch nummeriert werden und in einem seperaten Dokument <i>Bildtexte<\/i> entsprechend zum Dateinamen verfasst werden.<\/p>\n<div class=\"text cf\">\n<div class=\"text-content\">\n<h2 style=\"text-align: left;\">Etwas Anderes?<\/h2>\n<p style=\"text-align: left;\">Du m\u00f6chtest zeigen wie du deine Boillies rollst, dein erfolgreiches Rig bindest oder was du f\u00fcr deine perfekte Futtermischung verwendest? Dann probiere es doch in \u00e4hnlicher Form wie dir das Bild oben zeigt. Wir haben dort zwei Beispiele rausgesucht die euch bei eurem etwas anderen Artikel weiterhelfen sollen.<\/p>\n<p style=\"text-align: left;\">Bei solch einer Art Artikel ist es wichtig das man jeden Schritt so deutlich wie m\u00f6glich fotografiert. Meist ist es ratsam so etwas zu zweit zu machen. Achtet beim <b>Fotografieren<\/b> darauf dass die Kamera so nah wie m\u00f6glich am zu fotografierenden Objekt ist und das Foto so scharf wie m\u00f6glich ist. Ein Makroobjektiv ist dabei von Vorteil. Was ihr nicht vergessen solltet ist eine Gesamtaufnahme von Rig bzw. fertiger Futtermischung in z.B. Ball vorm oder den gerollten Boillies. Ein Fangbild um zu verdeutlichen das ihr auch erfolgreich wart ist sinnvoll.<\/p>\n<p style=\"text-align: left;\">Im <b>Text<\/b> k\u00f6nnt ihr erw\u00e4hnen an welchem Gew\u00e4ssertyp und zu welchen Bedinungen ihr gefischt habt. Erz\u00e4hlt kurz und knapp was das ganze eurer Meinung nach so erfolgreich macht und welche Erfolge ihr damit erreichen konntet.<\/p>\n<p style=\"text-align: left;\">Dann \u00fcberlegt euch noch eine \u00dcberschrift und vergesst auf keinen Fall die Bildtexte zu eurem Fotos.<\/p>\n<div class=\"text cf\">\n<div class=\"text-content\">\n<h1 style=\"text-align: left;\">Die schnell \u00dcbersicht<\/h1>\n<p style=\"text-align: left;\"><b>Text<\/b> 8.000 &#8211; 12.000 Zeichen, \u00dcberschrift, Einleitung, Hauptteil, Schluss, als Word-Dokument angelegt<\/p>\n<p style=\"text-align: left;\"><b>Bild<\/b> hochaufl\u00f6send (mind. 1 MB), unbearbeitet, mind. 20 unterschiedliche Fotos, Fotos nummerieren, Bildunterschriften mitliefern (Word-Datei)<\/p>\n<p style=\"text-align: left;\"><b>Senden online <\/b> WeTransfer, Dropbox, Mail &#8211; redaktion@carpmirror.de<\/p>\n<p style=\"text-align: left;\"><b>Senden per Post<\/b> USB, CD, DVD &#8211; CarpMirror, Die L\u00e4chner 15, D-68642 B\u00fcrstadt<\/p>\n<p style=\"text-align: left;\">-Datenannahme ausschlie\u00dflich in digitaler Form-<\/p>\n<p style=\"text-align: left;\"><b>Deine Kontaktdaten<\/b> Name, Vorname, PLZ, Ort, Stra\u00dfe, Land, E-Mail-Adresse, Telefonnummer<\/p>\n<h3 style=\"text-align: left;\">Keine falsche Bescheidenheit!<\/h3>\n<h3 style=\"text-align: left;\">Schicke uns deinen Bericht!<\/h3>\n<h3 style=\"text-align: left;\"><\/h3>\n<h3 style=\"text-align: left;\">Wir freuen uns schon darauf!<\/h3>\n<\/div>\n<\/div>\n<\/div>\n<\/div>\n<\/div>\n<\/div>\n","protected":false},"excerpt":{"rendered":"<p>Autor werden &#8211; Was beachten?<a class=\"read-more\" href=\"https:\/\/www.carpmirror.de\/?page_id=20\"><\/a><\/p>\n","protected":false},"author":1,"featured_media":0,"parent":0,"menu_order":6,"comment_status":"closed","ping_status":"closed","template":"","meta":{"footnotes":"","_links_to":"","_links_to_target":""},"class_list":["post-20","page","type-page","status-publish","hentry"],"_links":{"self":[{"href":"https:\/\/www.carpmirror.de\/index.php?rest_route=\/wp\/v2\/pages\/20","targetHints":{"allow":["GET"]}}],"collection":[{"href":"https:\/\/www.carpmirror.de\/index.php?rest_route=\/wp\/v2\/pages"}],"about":[{"href":"https:\/\/www.carpmirror.de\/index.php?rest_route=\/wp\/v2\/types\/page"}],"author":[{"embeddable":true,"href":"https:\/\/www.carpmirror.de\/index.php?rest_route=\/wp\/v2\/users\/1"}],"replies":[{"embeddable":true,"href":"https:\/\/www.carpmirror.de\/index.php?rest_route=%2Fwp%2Fv2%2Fcomments&post=20"}],"version-history":[{"count":102,"href":"https:\/\/www.carpmirror.de\/index.php?rest_route=\/wp\/v2\/pages\/20\/revisions"}],"predecessor-version":[{"id":5516,"href":"https:\/\/www.carpmirror.de\/index.php?rest_route=\/wp\/v2\/pages\/20\/revisions\/5516"}],"wp:attachment":[{"href":"https:\/\/www.carpmirror.de\/index.php?rest_route=%2Fwp%2Fv2%2Fmedia&parent=20"}],"curies":[{"name":"wp","href":"https:\/\/api.w.org\/{rel}","templated":true}]}}