{"id":1188,"date":"2010-08-26T13:41:37","date_gmt":"2010-08-26T11:41:37","guid":{"rendered":"http:\/\/www.carpmirror.de\/?page_id=1188"},"modified":"2017-08-29T13:03:11","modified_gmt":"2017-08-29T11:03:11","slug":"allgemeine-geschafts-und-lieferbedingungen-fur-abonnements","status":"publish","type":"page","link":"https:\/\/www.carpmirror.de\/?page_id=1188","title":{"rendered":"AGB"},"content":{"rendered":"<p>\u00a7 1 Geltungsbereich<br \/>\nF\u00fcr die Bestellung eines Zeitschriften-Abonnementsgelten ausschlie\u00dflich die nachfolgenden AGB, erg\u00e4nzt durch die bei Ihrer Bestellung mitgeteilten bedingungen in Bezug auf den jeweiligen Zeitschriftentitel des Verlages.<br \/>\nAbweichende AGB des Kunden gelten nicht.<br \/>\nBestellungen d\u00fcrfen vom Kunden nur in Auftrag gegeben werden wenn dieser die Allgemeinen Gesch\u00e4fts-, Liefer- und Zahlungsbedingungen des Claris-Verlages gelesen, verstanden und anerkannt hat. Mit dem Absenden einer Bestellung erkennt der Besteller die AGB als ma\u00dfgeblich an.<\/h5>\n<p>\u00a7 2 Vertragsschluss<br \/>\nEin Abonnement kann beim Claris Verlag telefonisch, schriftlich oder elektronisch bestellt werden. Mit der Bestellung des Zeitschriften-Abonnements erkl\u00e4rt der Kunde verbindlich, das er ein Abonnement zu den nachstehenden Bedingungen erwerben m\u00f6chte.<br \/>\nEin Vertrag kommt dann Zustanden, wenn seitens des Claris-Verlages innerhalb von 8 Tagen dieser durch Mitteilung in Form einer Auftragsbest\u00e4tigung \/ Rechnung best\u00e4tigt wird.<br \/>\nVertragspartner des Bestellers ist :<br \/>\nClaris Verlag, Inhaberin : Gabriele Ofenloch-Michels, Die L\u00e4chner 15, 68642 B\u00fcrstadt<br \/>\n\u00a7 3 Widerrufsrecht<br \/>\nDer Abonnement hat das Recht, das Abonnement innerhalb von 14 Tagen nach Absenden der Bestellung zu widerrufen. Der Widerruf hat schriftlich auf dem Postwege oder per e-Mail zu erfolgen.<br \/>\nPostanschrift : Claris Verlag, Die L\u00e4chner 15, 68642 B\u00fcrstadt<br \/>\ne-Mail : claris-verlag@angelmagazine.de<br \/>\nAls Verbraucher finden Sie detaillierte Informationen zu Ihrem Widerrufsrecht <a href=\"http:\/\/www.carpmirror.de\/?page_id=1227\">hier<\/a>.<br \/>\n\u00a7 4 Lieferung<br \/>\nDer Lieferbeginn beginnt mit der in der Rechnung genannten Ausgabe, bzw. des vertriebstechnisch n\u00e4chstm\u00f6glichen Termins.<br \/>\nAusgaben pro Jahr :<br \/>\nCarpMirror 6 Ausgaben, zweimonatliche Erscheinungsweise<br \/>\n\u00a7 5 Zahlung<br \/>\nDie Abonnentenpreise enthalten die jeweiligen Zustell- und Versandgeb\u00fchren sowie die jeweils g\u00fcltige Mehrwertsteuer.Die Zahlung des Abonnements erfolgt im voraus f\u00fcr den in der Rechnung benannten Bezugszeitraum von einem Jahr bzw. 6 Ausgaben auf das in der Rechnung benannte Konto.<br \/>\n\u00a7 5.1 Die Lieferung von Waren erfolgt regelm\u00e4\u00dfig auf dem Versandwege und an die vom Kunden angegebene Lieferanschrift. Bei der Abwicklung der Transaktion ist die in der Bestellabwicklung des Verk\u00e4ufers angegebene Lieferanschrift ma\u00dfgeblich.<br \/>\n\u00a7 6 Zustellung<br \/>\nZustellungsm\u00e4ngel sind dem Verlag sofort schriftlich mitzuteilen. Der Verlag ist bem\u00fcht, eine Ersatzlieferung kurzfristig vorzunehmen.<br \/>\n\u00a7 7 Mindestbezugszeitraum und K\u00fcndigung<br \/>\nDer Mindestbezugszeitraum betr\u00e4gt ein Jahr und enth\u00e4lt 6 Ausgaben des abonnierten Titels. Nach Ablauf des Bezugszeitraumes verl\u00e4ngert sich das Abonnement um ein weiteres Jahr bzw. 6 Ausgaben wenn nicht sp\u00e4testens 3 Monate vor Ablauf des Bezugszeitraumes schriftlich gek\u00fcndigt wurde.<br \/>\nEine K\u00fcndigung des Abonnements muss schriftlich erfolgen und kann per Post oder Telefax erfolgen<br \/>\nClaris Verlag, Die L\u00e4chner 15, 68642 B\u00fcrstadt<br \/>\nFax 06206 964678<br \/>\nBei ausdr\u00fccklich befristeten Abonnements ( Hinweis auf der Rechnung ) endet der Bezugszeitraum automatisch nach Ablauf von einem Jahr bzw. 6 Ausgaben.<br \/>\nEine Abbestellung vor Ablauf eines vereinbarten Verpflichtungszeitraumes ist nicht m\u00f6glich.<br \/>\n\u00a7 8 Pr\u00e4mien und Zugaben<br \/>\nF\u00fcr alle angebotenen Pr\u00e4mien und Zugaben gilt nur solange der Vorrat reicht. Pr\u00e4mien und Zugaben gehen Ihnen wenige Tage nach erfolgter Zahlung zu. Ist eine Pr\u00e4mie oder Zugabe bereits vergriffen, bieten wir Ihnen sofern m\u00f6glich Ersatz an. Eine Reduzierung des Bezugspreises ist jedoch nicht m\u00f6glich.<br \/>\n\u00a7 9 Daten und Datenschutz<br \/>\nDer Kunde gew\u00e4hrleistet, das die von Ihm gemachten Angaben richtig und vollst\u00e4ndig sind. \u00c4nderungen der Daten, insbesondere der Anschrift (Lieferanschrift ) und Bankverbindung teil der Kunde dem Verlag mindestens 2 Wochen vor Eintritt schriftlich, per Telefax 06206 964678 oder e-Mail : claris-verlag@angelmagazine.de mit.<br \/>\nIm Falle zu sp\u00e4t mitgeteilter \u00c4nderungen gehen damit verbundene Kosten einer Ersatzlieferung oder R\u00fccklastschrift zu Lasten des Kunden.<br \/>\nDie Daten des Kunden werden in dem Umfang der zur Erf\u00fcllung der Bestellung erforderlich ist und Ber\u00fccksichtigung der datenschutzrechtlichen Bestimmungen gespeichert und zum Zwecke der Vertragserf\u00fcllung an den jeweiligen Lieferanten \/ Dienstleister \u00fcbermittelt. Im \u00fcbrigen werden Ihre personenbezogenen Daten nicht an Dritte \u00fcbermittelt. Nach Erf\u00fcllung des Bestellauftrages bleiben Ihre Daten in dem gesetzlich geforderten Umfang gespeichert.<br \/>\n\u00a7 10 Schlussbestimmungen<br \/>\nEs gilt deutsches Recht, die Vertragssprache ist deutsch. Das UN-Kaufrecht wird ausgeschlossen, auch wenn aus dem Ausland bestellt wird. Erf\u00fcllungsort ist der Gesch\u00e4ftssitz der Firma Claris Verlag, ausschlie\u00dflicher Gerichtsstand, soweit gesetzlich zul\u00e4ssig ist Lampertheim.<br \/>\nSollten einzelne Bestimmungen dieser AGB unwirksam sein oder den gesetzlichen Regelungen widersprechen, so wird der vertrag im \u00fcbrigen nicht ber\u00fchrt. Die unwirksame Bestimmung wird von den Vertragsparteien einvernehmlich ersetzt, welche dem wirtschaftlichen Sinn und Zweck der unwirksamen Bestimmung in rechtswirksamer Weise am n\u00e4chsten kommt. Die vorstehende Regelung gilt insbesondere bei entsprechenden Regelungsl\u00fccken.<br \/>\n<div class=\"woocommerce woocommerce-gzd woocommerce-gzd-complaints-shortcode\">\n\t\t\t<h3>Alternative Streitbeilegung gem\u00e4\u00df Art. 14 Abs. 1 ODR-VO und \u00a7 36 VSBG:<\/h3>\n\t\nZur Teilnahme an einem Streitbeilegungsverfahren vor einer Verbraucherschlichtungsstelle sind wir nicht verpflichtet und nicht bereit.<\/div><\/p>\n","protected":false},"excerpt":{"rendered":"<p>\u00a7 1 Geltungsbereich F\u00fcr die<a class=\"read-more\" href=\"https:\/\/www.carpmirror.de\/?page_id=1188\"><\/a><\/p>\n","protected":false},"author":1,"featured_media":0,"parent":30,"menu_order":10,"comment_status":"closed","ping_status":"closed","template":"","meta":{"footnotes":"","_links_to":"","_links_to_target":""},"class_list":["post-1188","page","type-page","status-publish","hentry"],"_links":{"self":[{"href":"https:\/\/www.carpmirror.de\/index.php?rest_route=\/wp\/v2\/pages\/1188","targetHints":{"allow":["GET"]}}],"collection":[{"href":"https:\/\/www.carpmirror.de\/index.php?rest_route=\/wp\/v2\/pages"}],"about":[{"href":"https:\/\/www.carpmirror.de\/index.php?rest_route=\/wp\/v2\/types\/page"}],"author":[{"embeddable":true,"href":"https:\/\/www.carpmirror.de\/index.php?rest_route=\/wp\/v2\/users\/1"}],"replies":[{"embeddable":true,"href":"https:\/\/www.carpmirror.de\/index.php?rest_route=%2Fwp%2Fv2%2Fcomments&post=1188"}],"version-history":[{"count":18,"href":"https:\/\/www.carpmirror.de\/index.php?rest_route=\/wp\/v2\/pages\/1188\/revisions"}],"predecessor-version":[{"id":5251,"href":"https:\/\/www.carpmirror.de\/index.php?rest_route=\/wp\/v2\/pages\/1188\/revisions\/5251"}],"up":[{"embeddable":true,"href":"https:\/\/www.carpmirror.de\/index.php?rest_route=\/wp\/v2\/pages\/30"}],"wp:attachment":[{"href":"https:\/\/www.carpmirror.de\/index.php?rest_route=%2Fwp%2Fv2%2Fmedia&parent=1188"}],"curies":[{"name":"wp","href":"https:\/\/api.w.org\/{rel}","templated":true}]}}